{"id":103,"date":"2021-12-24T11:54:39","date_gmt":"2021-12-24T10:54:39","guid":{"rendered":"https:\/\/wijster.info\/?page_id=103"},"modified":"2021-12-24T12:52:37","modified_gmt":"2021-12-24T11:52:37","slug":"geschiedenis-van-wijster","status":"publish","type":"page","link":"https:\/\/wijster.info\/index.php\/geschiedenis\/geschiedenis-van-wijster\/","title":{"rendered":"Geschiedenis van Wijster"},"content":{"rendered":"\n<p>Wijster is een esdorp in de gemeente Midden-Drenthe (tot 1998 Beilen).<\/p>\n\n\n\n<p>Schimpnaam voor de inwoners van Wijster: Brabanders (afgeleid van het ras Brabander voor konijnen en\/of paarden).<\/p>\n\n\n\n<p>Gelegen ten zuiden van Beilen, ten zuidwesten van Westerbork, ten westen van Mantinge, ten noorden van Hoogeveen en ten oosten van Spier aan de oostkant van de spoorlijn Groningen-Zwolle en de rijksweg A28 (Groningen-Utrecht). Hemelsbreed ca. 4 km oostelijk van het dorp ligt het Wijsterbroek (wei- en bouwland met bospercelen en houtwallen) aan de noordoever van het Oude Diep.<\/p>\n\n\n\n<p>Bronnen vermelden: in Wisnare (1206), in Wisnere (1217), in Wijsnere (1327), de Wijshoerne (1348), to Wijshoerne en van Wijshoerne (1390), Vijzer (1555), Wijser (1557), Wijshoorn of Wijster (1865), Wijsthoorn (1867-68). Ook Wijsterhoorn. De plaatsnaam kan zijn afgeleid van hoerne = hoek; in dat geval is zij toponymisch verwant met Spier (Spehoerne). Over de betekenis bestaan vier zienswijzen: a) wiskerne = lieden in de weidestreek, b) wis(e)n-are = (beboste) hoogte langs de wisen (waternaam), c) wisinharu = goede, zandige heuvelrug en d) wyshoerne = weidehoek.<\/p>\n\n\n\n<div class=\"wp-block-image\"><figure class=\"aligncenter size-full\"><img loading=\"lazy\" decoding=\"async\" width=\"337\" height=\"247\" src=\"https:\/\/wijster.info\/wp-content\/uploads\/2021\/12\/emelangen-4-1.jpg\" alt=\"\" class=\"wp-image-76\" srcset=\"https:\/\/wijster.info\/wp-content\/uploads\/2021\/12\/emelangen-4-1.jpg 337w, https:\/\/wijster.info\/wp-content\/uploads\/2021\/12\/emelangen-4-1-300x220.jpg 300w\" sizes=\"auto, (max-width: 337px) 100vw, 337px\" \/><\/figure><\/div>\n\n\n\n<p>De Emelangen was vroeger een stuifzandgebied. De voormalige Sint Nicolaasleek alhier heette eertijds Eem (= water); Emelangen betekent: langs de Eem. Door het graven van het Linthorst Homankanaal veranderde de ontwatering en verdween de beek. Een deel van het gebied heet in de volksmond De Zandbergen, waar boeren rood zand wonnen voor hun potstallen, weg en huizen; wit zand werd gebruikt ter versiering van de vloer. Het stuiven van het zand werd tegengegaan door het poten van bomen (berken, eiken, grove dennen). In 1973 werd op een gedeelte van het zandverstuivingsterrein een kleiduivenschietbaan ingericht.<\/p>\n\n\n\n<figure class=\"wp-block-image size-full\"><img loading=\"lazy\" decoding=\"async\" width=\"420\" height=\"287\" src=\"https:\/\/wijster.info\/wp-content\/uploads\/2021\/12\/school-2.jpg\" alt=\"\" class=\"wp-image-104\" srcset=\"https:\/\/wijster.info\/wp-content\/uploads\/2021\/12\/school-2.jpg 420w, https:\/\/wijster.info\/wp-content\/uploads\/2021\/12\/school-2-300x205.jpg 300w\" sizes=\"auto, (max-width: 420px) 100vw, 420px\" \/><\/figure>\n\n\n\n<p>Na 1850 is het dorp sterk gegroeid.<\/p>\n\n\n\n<p>In 1881 werd een openbare school gesticht; deze werd vele malen verbouwd. In 1977 kwam er een nieuwe school, Zuiderenk, op de Zuideres.<\/p>\n\n\n\n<p>Omstreeks 1900 beschikte het dorp al over een dorpshuis, een oude school; de brandstof moest men zelf meenemen. In 1968 werd dorpshuis De Weidehoek (naam afgeleid van Wijster) in gebruik genomen.<\/p>\n\n\n\n<p>Een en ander is kenmerkend voor het openbare leven en het verenigingsklimaat. Door de regionale centrumfunctie beschikt het dorp over een grote middenstand, met name ten opzichte van Spier en Drijber. Gedrie\u00ebn vormden zij tot 1680 \u00e9\u00e9n marke.<\/p>\n\n\n\n<figure class=\"wp-block-image size-full\"><img loading=\"lazy\" decoding=\"async\" width=\"282\" height=\"258\" src=\"https:\/\/wijster.info\/wp-content\/uploads\/2021\/12\/vossenberg.jpg\" alt=\"\" class=\"wp-image-105\"\/><\/figure>\n\n\n\n<p>Omstreeks 1900 werd als geldbelegging een grote oppervlakte heide ten oosten van het dorp ontgonnen en veranderd in een groot landgoed van 300 ha, De Vossenberg. Dit was in handen van de Landmaatschappij Drenthe, die veel joodse aandeelhouders had. Na WO II moest het worden verkocht, omdat de meeste joden de oorlog niet hadden overleefd. De nieuwe eigenares werd de Twentse textielfabrikantenfamilie Breuning-Ten Cate. Toen in de periode 1950-1970 de textielindustrie tanende was, dienden veel boerderijen hier, met bijbehorend land, te worden verkocht. In 1974 werd de toen nog resterende 150 ha aangekocht door Het Drentse Landschap. Er waren toen nog twee van de elf boerderijen over. Het landhuis Vossenberg dateert uit 1918.<\/p>\n\n\n\n<p>Op de foto ziet u de grafheuvel met de vlag van een vos er op.(vossenberg)<\/p>\n\n\n\n<p>Ca. 2,5 km ten zuiden van het dorp ligt sinds 1931 het compostbedrijf van de Vuil Afvoer Maatschappij (VAM). Op het VAM-terrein bevindt zich Informatiecentrum De Blinkerd van Essent en Het Drentse Landschap, met zicht op 20 miljoen ton afval, veranderd in groene heuvels met aan de voet natuur. De stichting is bezig om het Oude Diep en het beekdal ervan te herstellen.<\/p>\n\n\n\n<p>Tussen Wijster en het VAM-terrein ligt Camping &#8220;De Otterberg&#8221; in het Oostersche Veld genoemd naar de grafheuvel aan de weg Wijster-Drijber, die in 1924 al deels en in 1932 geheel was ge\u00ebgaliseerd. Een gedeelte van dit gebied, in 1900-1920 ontgonnen, heeft een radiaal percelenpatroon, gericht op de Wijster toren. Vanuit Wijster bezien lopen de kavellijnen namelijk straalsgewijs uiteen.<\/p>\n\n\n\n<figure class=\"wp-block-image size-full\"><img loading=\"lazy\" decoding=\"async\" width=\"471\" height=\"283\" src=\"https:\/\/wijster.info\/wp-content\/uploads\/2021\/12\/station.jpg\" alt=\"\" class=\"wp-image-106\" srcset=\"https:\/\/wijster.info\/wp-content\/uploads\/2021\/12\/station.jpg 471w, https:\/\/wijster.info\/wp-content\/uploads\/2021\/12\/station-300x180.jpg 300w\" sizes=\"auto, (max-width: 471px) 100vw, 471px\" \/><\/figure>\n\n\n\n<p>Wijster heeft een station gehad aan de spoorlijn Groningen-Zwolle (1870), eerst voor goederentransport (1873), daarna ook voor personenvervoer (1898); in 1940 is het afgebroken.<\/p>\n\n\n\n<p>Ten westen van het voormalige station stond &#8211; tot de opheffing in 1998 &#8211; het Biologisch Station van de Landbouwuniversiteit Wageningen, opgericht door W. Beijerink in de boerderij die hij van zijn schoonvader overnam.<\/p>\n\n\n\n<h1 class=\"wp-block-heading\">Oude ansichten<\/h1>\n\n\n\n<figure class=\"wp-block-image size-full\"><img loading=\"lazy\" decoding=\"async\" width=\"705\" height=\"436\" src=\"https:\/\/wijster.info\/wp-content\/uploads\/2021\/12\/grtnuutwiester3.png\" alt=\"\" class=\"wp-image-109\" srcset=\"https:\/\/wijster.info\/wp-content\/uploads\/2021\/12\/grtnuutwiester3.png 705w, https:\/\/wijster.info\/wp-content\/uploads\/2021\/12\/grtnuutwiester3-300x186.png 300w, https:\/\/wijster.info\/wp-content\/uploads\/2021\/12\/grtnuutwiester3-485x300.png 485w\" sizes=\"auto, (max-width: 705px) 100vw, 705px\" \/><\/figure>\n\n\n\n<figure class=\"wp-block-image size-full\"><img loading=\"lazy\" decoding=\"async\" width=\"550\" height=\"341\" src=\"https:\/\/wijster.info\/wp-content\/uploads\/2021\/12\/grtnuurtwiester2.jpg\" alt=\"\" class=\"wp-image-107\" srcset=\"https:\/\/wijster.info\/wp-content\/uploads\/2021\/12\/grtnuurtwiester2.jpg 550w, https:\/\/wijster.info\/wp-content\/uploads\/2021\/12\/grtnuurtwiester2-300x186.jpg 300w, https:\/\/wijster.info\/wp-content\/uploads\/2021\/12\/grtnuurtwiester2-484x300.jpg 484w\" sizes=\"auto, (max-width: 550px) 100vw, 550px\" \/><\/figure>\n\n\n\n<figure class=\"wp-block-image size-full\"><img loading=\"lazy\" decoding=\"async\" width=\"365\" height=\"550\" src=\"https:\/\/wijster.info\/wp-content\/uploads\/2021\/12\/grtnuutwiester.jpg\" alt=\"\" class=\"wp-image-108\" srcset=\"https:\/\/wijster.info\/wp-content\/uploads\/2021\/12\/grtnuutwiester.jpg 365w, https:\/\/wijster.info\/wp-content\/uploads\/2021\/12\/grtnuutwiester-199x300.jpg 199w\" sizes=\"auto, (max-width: 365px) 100vw, 365px\" \/><\/figure>\n\n\n\n<figure class=\"wp-block-image size-full\"><img loading=\"lazy\" decoding=\"async\" width=\"400\" height=\"251\" src=\"https:\/\/wijster.info\/wp-content\/uploads\/2021\/12\/ansicht.jpg\" alt=\"\" class=\"wp-image-110\" srcset=\"https:\/\/wijster.info\/wp-content\/uploads\/2021\/12\/ansicht.jpg 400w, https:\/\/wijster.info\/wp-content\/uploads\/2021\/12\/ansicht-300x188.jpg 300w\" sizes=\"auto, (max-width: 400px) 100vw, 400px\" \/><\/figure>\n\n\n\n<div class=\"wp-block-image\"><figure class=\"alignright size-full is-resized\"><img loading=\"lazy\" decoding=\"async\" src=\"https:\/\/wijster.info\/wp-content\/uploads\/2021\/12\/spar.jpg\" alt=\"\" class=\"wp-image-111\" width=\"260\" height=\"160\"\/><\/figure><\/div>\n\n\n\n<figure class=\"wp-block-image size-full is-resized\"><img loading=\"lazy\" decoding=\"async\" src=\"https:\/\/wijster.info\/wp-content\/uploads\/2021\/12\/groenekruis.jpg\" alt=\"\" class=\"wp-image-112\" width=\"266\" height=\"166\"\/><\/figure>\n\n\n\n<figure class=\"wp-block-image size-full\"><img loading=\"lazy\" decoding=\"async\" width=\"800\" height=\"506\" src=\"https:\/\/wijster.info\/wp-content\/uploads\/2021\/12\/Big_Wijster.jpg\" alt=\"\" class=\"wp-image-115\" srcset=\"https:\/\/wijster.info\/wp-content\/uploads\/2021\/12\/Big_Wijster.jpg 800w, https:\/\/wijster.info\/wp-content\/uploads\/2021\/12\/Big_Wijster-300x190.jpg 300w, https:\/\/wijster.info\/wp-content\/uploads\/2021\/12\/Big_Wijster-768x486.jpg 768w, https:\/\/wijster.info\/wp-content\/uploads\/2021\/12\/Big_Wijster-474x300.jpg 474w\" sizes=\"auto, (max-width: 800px) 100vw, 800px\" \/><\/figure>\n\n\n\n<figure class=\"wp-block-image size-full is-resized\"><img loading=\"lazy\" decoding=\"async\" src=\"https:\/\/wijster.info\/wp-content\/uploads\/2021\/12\/vambrug3.jpg\" alt=\"\" class=\"wp-image-114\" width=\"460\" height=\"279\"\/><\/figure>\n","protected":false},"excerpt":{"rendered":"<p>Wijster is een esdorp in de gemeente Midden-Drenthe (tot 1998 Beilen). Schimpnaam voor de inwoners van Wijster: Brabanders (afgeleid van het ras Brabander voor konijnen en\/of paarden). Gelegen ten zuiden van Beilen, ten zuidwesten van Westerbork, ten westen van Mantinge, &hellip; <a href=\"https:\/\/wijster.info\/index.php\/geschiedenis\/geschiedenis-van-wijster\/\">Lees verder <span class=\"meta-nav\">&rarr;<\/span><\/a><\/p>\n","protected":false},"author":1,"featured_media":113,"parent":43,"menu_order":1,"comment_status":"closed","ping_status":"closed","template":"","meta":{"footnotes":""},"class_list":["post-103","page","type-page","status-publish","has-post-thumbnail","hentry"],"yoast_head":"<!-- This site is optimized with the Yoast SEO plugin v27.2 - https:\/\/yoast.com\/product\/yoast-seo-wordpress\/ -->\n<title>Geschiedenis van Wijster - Wijster<\/title>\n<meta name=\"robots\" content=\"index, follow, max-snippet:-1, max-image-preview:large, max-video-preview:-1\" \/>\n<link rel=\"canonical\" href=\"https:\/\/wijster.info\/index.php\/geschiedenis\/geschiedenis-van-wijster\/\" \/>\n<meta property=\"og:locale\" content=\"nl_NL\" \/>\n<meta property=\"og:type\" content=\"article\" \/>\n<meta property=\"og:title\" content=\"Geschiedenis van Wijster - Wijster\" \/>\n<meta property=\"og:description\" content=\"Wijster is een esdorp in de gemeente Midden-Drenthe (tot 1998 Beilen). Schimpnaam voor de inwoners van Wijster: Brabanders (afgeleid van het ras Brabander voor konijnen en\/of paarden). Gelegen ten zuiden van Beilen, ten zuidwesten van Westerbork, ten westen van Mantinge, &hellip; Lees verder &rarr;\" \/>\n<meta property=\"og:url\" content=\"https:\/\/wijster.info\/index.php\/geschiedenis\/geschiedenis-van-wijster\/\" \/>\n<meta property=\"og:site_name\" content=\"Wijster\" \/>\n<meta property=\"article:modified_time\" content=\"2021-12-24T11:52:37+00:00\" \/>\n<meta property=\"og:image\" content=\"https:\/\/wijster.info\/wp-content\/uploads\/2021\/12\/dorp1.jpg\" \/>\n\t<meta property=\"og:image:width\" content=\"200\" \/>\n\t<meta property=\"og:image:height\" content=\"126\" \/>\n\t<meta property=\"og:image:type\" content=\"image\/jpeg\" \/>\n<meta name=\"twitter:card\" content=\"summary_large_image\" \/>\n<meta name=\"twitter:label1\" content=\"Geschatte leestijd\" \/>\n\t<meta name=\"twitter:data1\" content=\"6 minuten\" \/>\n<script type=\"application\/ld+json\" class=\"yoast-schema-graph\">{\"@context\":\"https:\/\/schema.org\",\"@graph\":[{\"@type\":\"WebPage\",\"@id\":\"https:\/\/wijster.info\/index.php\/geschiedenis\/geschiedenis-van-wijster\/\",\"url\":\"https:\/\/wijster.info\/index.php\/geschiedenis\/geschiedenis-van-wijster\/\",\"name\":\"Geschiedenis van Wijster - Wijster\",\"isPartOf\":{\"@id\":\"https:\/\/wijster.info\/#website\"},\"primaryImageOfPage\":{\"@id\":\"https:\/\/wijster.info\/index.php\/geschiedenis\/geschiedenis-van-wijster\/#primaryimage\"},\"image\":{\"@id\":\"https:\/\/wijster.info\/index.php\/geschiedenis\/geschiedenis-van-wijster\/#primaryimage\"},\"thumbnailUrl\":\"https:\/\/wijster.info\/wp-content\/uploads\/2021\/12\/dorp1.jpg\",\"datePublished\":\"2021-12-24T10:54:39+00:00\",\"dateModified\":\"2021-12-24T11:52:37+00:00\",\"breadcrumb\":{\"@id\":\"https:\/\/wijster.info\/index.php\/geschiedenis\/geschiedenis-van-wijster\/#breadcrumb\"},\"inLanguage\":\"nl-NL\",\"potentialAction\":[{\"@type\":\"ReadAction\",\"target\":[\"https:\/\/wijster.info\/index.php\/geschiedenis\/geschiedenis-van-wijster\/\"]}]},{\"@type\":\"ImageObject\",\"inLanguage\":\"nl-NL\",\"@id\":\"https:\/\/wijster.info\/index.php\/geschiedenis\/geschiedenis-van-wijster\/#primaryimage\",\"url\":\"https:\/\/wijster.info\/wp-content\/uploads\/2021\/12\/dorp1.jpg\",\"contentUrl\":\"https:\/\/wijster.info\/wp-content\/uploads\/2021\/12\/dorp1.jpg\",\"width\":200,\"height\":126,\"caption\":\"Wijster\"},{\"@type\":\"BreadcrumbList\",\"@id\":\"https:\/\/wijster.info\/index.php\/geschiedenis\/geschiedenis-van-wijster\/#breadcrumb\",\"itemListElement\":[{\"@type\":\"ListItem\",\"position\":1,\"name\":\"Home\",\"item\":\"https:\/\/wijster.info\/\"},{\"@type\":\"ListItem\",\"position\":2,\"name\":\"Geschiedenis\",\"item\":\"https:\/\/wijster.info\/index.php\/geschiedenis\/\"},{\"@type\":\"ListItem\",\"position\":3,\"name\":\"Geschiedenis van Wijster\"}]},{\"@type\":\"WebSite\",\"@id\":\"https:\/\/wijster.info\/#website\",\"url\":\"https:\/\/wijster.info\/\",\"name\":\"Wijster\",\"description\":\"nieuws en informatie\",\"potentialAction\":[{\"@type\":\"SearchAction\",\"target\":{\"@type\":\"EntryPoint\",\"urlTemplate\":\"https:\/\/wijster.info\/?s={search_term_string}\"},\"query-input\":{\"@type\":\"PropertyValueSpecification\",\"valueRequired\":true,\"valueName\":\"search_term_string\"}}],\"inLanguage\":\"nl-NL\"}]}<\/script>\n<!-- \/ Yoast SEO plugin. -->","yoast_head_json":{"title":"Geschiedenis van Wijster - Wijster","robots":{"index":"index","follow":"follow","max-snippet":"max-snippet:-1","max-image-preview":"max-image-preview:large","max-video-preview":"max-video-preview:-1"},"canonical":"https:\/\/wijster.info\/index.php\/geschiedenis\/geschiedenis-van-wijster\/","og_locale":"nl_NL","og_type":"article","og_title":"Geschiedenis van Wijster - Wijster","og_description":"Wijster is een esdorp in de gemeente Midden-Drenthe (tot 1998 Beilen). Schimpnaam voor de inwoners van Wijster: Brabanders (afgeleid van het ras Brabander voor konijnen en\/of paarden). Gelegen ten zuiden van Beilen, ten zuidwesten van Westerbork, ten westen van Mantinge, &hellip; Lees verder &rarr;","og_url":"https:\/\/wijster.info\/index.php\/geschiedenis\/geschiedenis-van-wijster\/","og_site_name":"Wijster","article_modified_time":"2021-12-24T11:52:37+00:00","og_image":[{"width":200,"height":126,"url":"https:\/\/wijster.info\/wp-content\/uploads\/2021\/12\/dorp1.jpg","type":"image\/jpeg"}],"twitter_card":"summary_large_image","twitter_misc":{"Geschatte leestijd":"6 minuten"},"schema":{"@context":"https:\/\/schema.org","@graph":[{"@type":"WebPage","@id":"https:\/\/wijster.info\/index.php\/geschiedenis\/geschiedenis-van-wijster\/","url":"https:\/\/wijster.info\/index.php\/geschiedenis\/geschiedenis-van-wijster\/","name":"Geschiedenis van Wijster - Wijster","isPartOf":{"@id":"https:\/\/wijster.info\/#website"},"primaryImageOfPage":{"@id":"https:\/\/wijster.info\/index.php\/geschiedenis\/geschiedenis-van-wijster\/#primaryimage"},"image":{"@id":"https:\/\/wijster.info\/index.php\/geschiedenis\/geschiedenis-van-wijster\/#primaryimage"},"thumbnailUrl":"https:\/\/wijster.info\/wp-content\/uploads\/2021\/12\/dorp1.jpg","datePublished":"2021-12-24T10:54:39+00:00","dateModified":"2021-12-24T11:52:37+00:00","breadcrumb":{"@id":"https:\/\/wijster.info\/index.php\/geschiedenis\/geschiedenis-van-wijster\/#breadcrumb"},"inLanguage":"nl-NL","potentialAction":[{"@type":"ReadAction","target":["https:\/\/wijster.info\/index.php\/geschiedenis\/geschiedenis-van-wijster\/"]}]},{"@type":"ImageObject","inLanguage":"nl-NL","@id":"https:\/\/wijster.info\/index.php\/geschiedenis\/geschiedenis-van-wijster\/#primaryimage","url":"https:\/\/wijster.info\/wp-content\/uploads\/2021\/12\/dorp1.jpg","contentUrl":"https:\/\/wijster.info\/wp-content\/uploads\/2021\/12\/dorp1.jpg","width":200,"height":126,"caption":"Wijster"},{"@type":"BreadcrumbList","@id":"https:\/\/wijster.info\/index.php\/geschiedenis\/geschiedenis-van-wijster\/#breadcrumb","itemListElement":[{"@type":"ListItem","position":1,"name":"Home","item":"https:\/\/wijster.info\/"},{"@type":"ListItem","position":2,"name":"Geschiedenis","item":"https:\/\/wijster.info\/index.php\/geschiedenis\/"},{"@type":"ListItem","position":3,"name":"Geschiedenis van Wijster"}]},{"@type":"WebSite","@id":"https:\/\/wijster.info\/#website","url":"https:\/\/wijster.info\/","name":"Wijster","description":"nieuws en informatie","potentialAction":[{"@type":"SearchAction","target":{"@type":"EntryPoint","urlTemplate":"https:\/\/wijster.info\/?s={search_term_string}"},"query-input":{"@type":"PropertyValueSpecification","valueRequired":true,"valueName":"search_term_string"}}],"inLanguage":"nl-NL"}]}},"_links":{"self":[{"href":"https:\/\/wijster.info\/index.php\/wp-json\/wp\/v2\/pages\/103","targetHints":{"allow":["GET"]}}],"collection":[{"href":"https:\/\/wijster.info\/index.php\/wp-json\/wp\/v2\/pages"}],"about":[{"href":"https:\/\/wijster.info\/index.php\/wp-json\/wp\/v2\/types\/page"}],"author":[{"embeddable":true,"href":"https:\/\/wijster.info\/index.php\/wp-json\/wp\/v2\/users\/1"}],"replies":[{"embeddable":true,"href":"https:\/\/wijster.info\/index.php\/wp-json\/wp\/v2\/comments?post=103"}],"version-history":[{"count":1,"href":"https:\/\/wijster.info\/index.php\/wp-json\/wp\/v2\/pages\/103\/revisions"}],"predecessor-version":[{"id":116,"href":"https:\/\/wijster.info\/index.php\/wp-json\/wp\/v2\/pages\/103\/revisions\/116"}],"up":[{"embeddable":true,"href":"https:\/\/wijster.info\/index.php\/wp-json\/wp\/v2\/pages\/43"}],"wp:featuredmedia":[{"embeddable":true,"href":"https:\/\/wijster.info\/index.php\/wp-json\/wp\/v2\/media\/113"}],"wp:attachment":[{"href":"https:\/\/wijster.info\/index.php\/wp-json\/wp\/v2\/media?parent=103"}],"curies":[{"name":"wp","href":"https:\/\/api.w.org\/{rel}","templated":true}]}}